{"id":11983,"date":"2020-12-02T11:48:17","date_gmt":"2020-12-02T11:48:17","guid":{"rendered":"https:\/\/villa-colibri-nosybe.com\/activites\/"},"modified":"2022-05-14T08:49:05","modified_gmt":"2022-05-14T06:49:05","slug":"attivita","status":"publish","type":"page","link":"https:\/\/villa-colibri-nosybe.com\/it\/attivita\/","title":{"rendered":"Attivit\u00e0"},"content":{"rendered":"\t\t<div data-elementor-type=\"wp-page\" data-elementor-id=\"11983\" class=\"elementor elementor-11983\">\n\t\t\t\t\t\t<section class=\"elementor-section elementor-top-section elementor-element elementor-element-269c446 elementor-section-full_width elementor-section-height-default elementor-section-height-default qodef-elementor-content-no\" data-id=\"269c446\" data-element_type=\"section\">\n\t\t\t\t\t\t<div class=\"elementor-container elementor-column-gap-default\">\n\t\t\t\t\t<div class=\"elementor-column elementor-col-100 elementor-top-column elementor-element elementor-element-429e7668\" data-id=\"429e7668\" data-element_type=\"column\">\n\t\t\t<div class=\"elementor-widget-wrap elementor-element-populated\">\n\t\t\t\t\t\t<div class=\"elementor-element elementor-element-2134725d elementor-widget elementor-widget-augustine_core_section_title\" data-id=\"2134725d\" data-element_type=\"widget\" data-widget_type=\"augustine_core_section_title.default\">\n\t\t\t\t<div class=\"elementor-widget-container\">\n\t\t\t\t\t<div class=\"qodef-shortcode qodef-m  qodef-section-title qodef-alignment--left  qodef-title-appear qodef-title-alt-appear  \">\n\t\t\t\t<h1 class=\"qodef-m-title\" >\n\t\t\t\t\tAttivit\u00e0\t\t\t<\/h1>\n\t\t<\/div>\t\t\t\t<\/div>\n\t\t\t\t<\/div>\n\t\t\t\t\t<\/div>\n\t\t<\/div>\n\t\t\t\t\t<\/div>\n\t\t<\/section>\n\t\t\t\t<section class=\"elementor-section elementor-top-section elementor-element elementor-element-9b2923c qodef-elementor-content-grid elementor-section-full_width elementor-section-height-default elementor-section-height-default\" data-id=\"9b2923c\" data-element_type=\"section\">\n\t\t\t\t\t\t<div class=\"elementor-container elementor-column-gap-default\">\n\t\t\t\t\t<div class=\"elementor-column elementor-col-50 elementor-top-column elementor-element elementor-element-d0abee9\" data-id=\"d0abee9\" data-element_type=\"column\">\n\t\t\t<div class=\"elementor-widget-wrap elementor-element-populated\">\n\t\t\t\t\t\t<div class=\"elementor-element elementor-element-1db6ffe elementor-widget__width-initial elementor-widget elementor-widget-text-editor\" data-id=\"1db6ffe\" data-element_type=\"widget\" data-widget_type=\"text-editor.default\">\n\t\t\t\t<div class=\"elementor-widget-container\">\n\t\t\t\t\t\t\t\t\t<p>Si possono visitare le distillerie di rum, le piantagioni di ylang ylang, le isole vicine, la pi\u00f9 conosciuta delle quali \u00e8 Nosy Iranja, le barriere coralline, per gli amanti delle immersioni, vi stupiranno, per gli sportivi un campo da golf di 18 buche, un ranch, campi da tennis, escursioni in quad .<\/p><p><br \/>Vicino a Nosy Be ci sono molte piccole isole ,tutte da scoprire, con fondali incantevoli dove si possono ammirare tartarughe, delfini e tanti pesci.<\/p>\t\t\t\t\t\t\t\t<\/div>\n\t\t\t\t<\/div>\n\t\t\t\t\t<\/div>\n\t\t<\/div>\n\t\t\t\t<div class=\"elementor-column elementor-col-50 elementor-top-column elementor-element elementor-element-a05f9e8\" data-id=\"a05f9e8\" data-element_type=\"column\">\n\t\t\t<div class=\"elementor-widget-wrap elementor-element-populated\">\n\t\t\t\t\t\t<div class=\"elementor-element elementor-element-40c816a elementor-widget__width-initial elementor-widget elementor-widget-text-editor\" data-id=\"40c816a\" data-element_type=\"widget\" data-widget_type=\"text-editor.default\">\n\t\t\t\t<div class=\"elementor-widget-container\">\n\t\t\t\t\t\t\t\t\t<p>Si possono visitare le distillerie di rum, le piantagioni di ylang ylang, le isole vicine, la pi\u00f9 conosciuta delle quali \u00e8 Nosy Iranja, le barriere coralline, per gli amanti delle immersioni, vi stupiranno, per gli sportivi un campo da golf di 18 buche, un ranch, campi da tennis, escursioni in quad .<\/p><p><br \/>Vicino a Nosy Be ci sono molte piccole isole ,tutte da scoprire, con fondali incantevoli dove si possono ammirare tartarughe, delfini e tanti pesci.<\/p>\t\t\t\t\t\t\t\t<\/div>\n\t\t\t\t<\/div>\n\t\t\t\t\t<\/div>\n\t\t<\/div>\n\t\t\t\t\t<\/div>\n\t\t<\/section>\n\t\t\t\t<section class=\"elementor-section elementor-top-section elementor-element elementor-element-625a3c3c elementor-section-full_width qodef-elementor-content-grid elementor-section-height-default elementor-section-height-default\" data-id=\"625a3c3c\" data-element_type=\"section\">\n\t\t\t\t\t\t<div class=\"elementor-container elementor-column-gap-default\">\n\t\t\t\t\t<div class=\"elementor-column elementor-col-100 elementor-top-column elementor-element elementor-element-67df91d6 elementor-hidden-tablet elementor-hidden-phone\" data-id=\"67df91d6\" data-element_type=\"column\">\n\t\t\t<div class=\"elementor-widget-wrap elementor-element-populated\">\n\t\t\t\t\t\t<div class=\"elementor-element elementor-element-72779ccc elementor-widget elementor-widget-image\" data-id=\"72779ccc\" data-element_type=\"widget\" data-widget_type=\"image.default\">\n\t\t\t\t<div class=\"elementor-widget-container\">\n\t\t\t\t\t\t\t\t\t\t\t\t\t\t\t<img fetchpriority=\"high\" decoding=\"async\" width=\"1024\" height=\"576\" src=\"https:\/\/villa-colibri-nosybe.com\/wp-content\/uploads\/2022\/05\/FB_IMG_1547315071781-1024x576.jpg\" class=\"attachment-large size-large wp-image-11906\" alt=\"\" srcset=\"https:\/\/villa-colibri-nosybe.com\/wp-content\/uploads\/2022\/05\/FB_IMG_1547315071781-1024x576.jpg 1024w, https:\/\/villa-colibri-nosybe.com\/wp-content\/uploads\/2022\/05\/FB_IMG_1547315071781-300x169.jpg 300w, https:\/\/villa-colibri-nosybe.com\/wp-content\/uploads\/2022\/05\/FB_IMG_1547315071781-768x432.jpg 768w, https:\/\/villa-colibri-nosybe.com\/wp-content\/uploads\/2022\/05\/FB_IMG_1547315071781-600x338.jpg 600w, https:\/\/villa-colibri-nosybe.com\/wp-content\/uploads\/2022\/05\/FB_IMG_1547315071781.jpg 1100w\" sizes=\"(max-width: 1024px) 100vw, 1024px\" \/>\t\t\t\t\t\t\t\t\t\t\t\t\t\t\t<\/div>\n\t\t\t\t<\/div>\n\t\t\t\t\t<\/div>\n\t\t<\/div>\n\t\t\t\t\t<\/div>\n\t\t<\/section>\n\t\t\t\t<section class=\"elementor-section elementor-top-section elementor-element elementor-element-5c7aa842 qodef-elementor-content-grid elementor-section-boxed elementor-section-height-default elementor-section-height-default\" data-id=\"5c7aa842\" data-element_type=\"section\">\n\t\t\t\t\t\t<div class=\"elementor-container elementor-column-gap-default\">\n\t\t\t\t\t<div class=\"elementor-column elementor-col-50 elementor-top-column elementor-element elementor-element-65d5028a\" data-id=\"65d5028a\" data-element_type=\"column\">\n\t\t\t<div class=\"elementor-widget-wrap elementor-element-populated\">\n\t\t\t\t\t\t<div class=\"elementor-element elementor-element-33f9ee2c elementor-widget elementor-widget-augustine_core_image_with_text\" data-id=\"33f9ee2c\" data-element_type=\"widget\" data-widget_type=\"augustine_core_image_with_text.default\">\n\t\t\t\t<div class=\"elementor-widget-container\">\n\t\t\t\t\t<div class=\"qodef-shortcode qodef-m  qodef-image-with-text qodef-layout--text-below   \">\n\t<div class=\"qodef-m-image\">\n                                            <img decoding=\"async\" width=\"1100\" height=\"825\" src=\"https:\/\/villa-colibri-nosybe.com\/wp-content\/uploads\/2022\/05\/lemurialand.jpg\" class=\"attachment-full size-full\" alt=\"\" srcset=\"https:\/\/villa-colibri-nosybe.com\/wp-content\/uploads\/2022\/05\/lemurialand.jpg 1100w, https:\/\/villa-colibri-nosybe.com\/wp-content\/uploads\/2022\/05\/lemurialand-300x225.jpg 300w, https:\/\/villa-colibri-nosybe.com\/wp-content\/uploads\/2022\/05\/lemurialand-1024x768.jpg 1024w, https:\/\/villa-colibri-nosybe.com\/wp-content\/uploads\/2022\/05\/lemurialand-768x576.jpg 768w, https:\/\/villa-colibri-nosybe.com\/wp-content\/uploads\/2022\/05\/lemurialand-600x450.jpg 600w\" sizes=\"(max-width: 1100px) 100vw, 1100px\" \/>\n                                            <\/div>\t<div class=\"qodef-m-content\">\n\t\t\t\t\t<h4 class=\"qodef-m-title\" style=\"margin-top: 5px\">\n\t\t\t\t\tL\u00e9murialand\t\t\t<\/h4>\n\t\t\t<\/div>\n<\/div>\t\t\t\t<\/div>\n\t\t\t\t<\/div>\n\t\t\t\t\t<\/div>\n\t\t<\/div>\n\t\t\t\t<div class=\"elementor-column elementor-col-50 elementor-top-column elementor-element elementor-element-686d03fe\" data-id=\"686d03fe\" data-element_type=\"column\">\n\t\t\t<div class=\"elementor-widget-wrap elementor-element-populated\">\n\t\t\t\t\t\t<div class=\"elementor-element elementor-element-7cd40a1d elementor-widget elementor-widget-augustine_core_image_with_text\" data-id=\"7cd40a1d\" data-element_type=\"widget\" data-widget_type=\"augustine_core_image_with_text.default\">\n\t\t\t\t<div class=\"elementor-widget-container\">\n\t\t\t\t\t<div class=\"qodef-shortcode qodef-m  qodef-image-with-text qodef-layout--text-below   \">\n\t<div class=\"qodef-m-image\">\n                                            <img decoding=\"async\" width=\"1100\" height=\"825\" src=\"https:\/\/villa-colibri-nosybe.com\/wp-content\/uploads\/2022\/05\/quad.jpg\" class=\"attachment-full size-full\" alt=\"\" srcset=\"https:\/\/villa-colibri-nosybe.com\/wp-content\/uploads\/2022\/05\/quad.jpg 1100w, https:\/\/villa-colibri-nosybe.com\/wp-content\/uploads\/2022\/05\/quad-300x225.jpg 300w, https:\/\/villa-colibri-nosybe.com\/wp-content\/uploads\/2022\/05\/quad-1024x768.jpg 1024w, https:\/\/villa-colibri-nosybe.com\/wp-content\/uploads\/2022\/05\/quad-768x576.jpg 768w, https:\/\/villa-colibri-nosybe.com\/wp-content\/uploads\/2022\/05\/quad-600x450.jpg 600w\" sizes=\"(max-width: 1100px) 100vw, 1100px\" \/>\n                                            <\/div>\t<div class=\"qodef-m-content\">\n\t\t\t\t\t<h4 class=\"qodef-m-title\" style=\"margin-top: 5px\">\n\t\t\t\t\tEscursione Quad\t\t\t<\/h4>\n\t\t\t<\/div>\n<\/div>\t\t\t\t<\/div>\n\t\t\t\t<\/div>\n\t\t\t\t\t<\/div>\n\t\t<\/div>\n\t\t\t\t\t<\/div>\n\t\t<\/section>\n\t\t\t\t<section class=\"elementor-section elementor-top-section elementor-element elementor-element-1aa32cd9 qodef-elementor-content-grid elementor-section-boxed elementor-section-height-default elementor-section-height-default\" data-id=\"1aa32cd9\" data-element_type=\"section\">\n\t\t\t\t\t\t<div class=\"elementor-container elementor-column-gap-default\">\n\t\t\t\t\t<div class=\"elementor-column elementor-col-50 elementor-top-column elementor-element elementor-element-151794a\" data-id=\"151794a\" data-element_type=\"column\">\n\t\t\t<div class=\"elementor-widget-wrap elementor-element-populated\">\n\t\t\t\t\t\t<div class=\"elementor-element elementor-element-26e1b078 elementor-widget elementor-widget-augustine_core_image_with_text\" data-id=\"26e1b078\" data-element_type=\"widget\" data-widget_type=\"augustine_core_image_with_text.default\">\n\t\t\t\t<div class=\"elementor-widget-container\">\n\t\t\t\t\t<div class=\"qodef-shortcode qodef-m  qodef-image-with-text qodef-layout--text-below   \">\n\t<div class=\"qodef-m-image\">\n                                            <img loading=\"lazy\" decoding=\"async\" width=\"1100\" height=\"825\" src=\"https:\/\/villa-colibri-nosybe.com\/wp-content\/uploads\/2022\/05\/farniente.jpg\" class=\"attachment-full size-full\" alt=\"\" srcset=\"https:\/\/villa-colibri-nosybe.com\/wp-content\/uploads\/2022\/05\/farniente.jpg 1100w, https:\/\/villa-colibri-nosybe.com\/wp-content\/uploads\/2022\/05\/farniente-300x225.jpg 300w, https:\/\/villa-colibri-nosybe.com\/wp-content\/uploads\/2022\/05\/farniente-1024x768.jpg 1024w, https:\/\/villa-colibri-nosybe.com\/wp-content\/uploads\/2022\/05\/farniente-768x576.jpg 768w, https:\/\/villa-colibri-nosybe.com\/wp-content\/uploads\/2022\/05\/farniente-600x450.jpg 600w\" sizes=\"(max-width: 1100px) 100vw, 1100px\" \/>\n                                            <\/div>\t<div class=\"qodef-m-content\">\n\t\t\t\t\t<h4 class=\"qodef-m-title\" style=\"margin-top: 5px\">\n\t\t\t\t\tRelax\t\t\t<\/h4>\n\t\t\t<\/div>\n<\/div>\t\t\t\t<\/div>\n\t\t\t\t<\/div>\n\t\t\t\t\t<\/div>\n\t\t<\/div>\n\t\t\t\t<div class=\"elementor-column elementor-col-50 elementor-top-column elementor-element elementor-element-2244f60a\" data-id=\"2244f60a\" data-element_type=\"column\">\n\t\t\t<div class=\"elementor-widget-wrap elementor-element-populated\">\n\t\t\t\t\t\t<div class=\"elementor-element elementor-element-7e65ded4 elementor-widget elementor-widget-augustine_core_image_with_text\" data-id=\"7e65ded4\" data-element_type=\"widget\" data-widget_type=\"augustine_core_image_with_text.default\">\n\t\t\t\t<div class=\"elementor-widget-container\">\n\t\t\t\t\t<div class=\"qodef-shortcode qodef-m  qodef-image-with-text qodef-layout--text-below   \">\n\t<div class=\"qodef-m-image\">\n                                            <img loading=\"lazy\" decoding=\"async\" width=\"1100\" height=\"825\" src=\"https:\/\/villa-colibri-nosybe.com\/wp-content\/uploads\/2022\/05\/baleine.jpg\" class=\"attachment-full size-full\" alt=\"\" srcset=\"https:\/\/villa-colibri-nosybe.com\/wp-content\/uploads\/2022\/05\/baleine.jpg 1100w, https:\/\/villa-colibri-nosybe.com\/wp-content\/uploads\/2022\/05\/baleine-300x225.jpg 300w, https:\/\/villa-colibri-nosybe.com\/wp-content\/uploads\/2022\/05\/baleine-1024x768.jpg 1024w, https:\/\/villa-colibri-nosybe.com\/wp-content\/uploads\/2022\/05\/baleine-768x576.jpg 768w, https:\/\/villa-colibri-nosybe.com\/wp-content\/uploads\/2022\/05\/baleine-600x450.jpg 600w\" sizes=\"(max-width: 1100px) 100vw, 1100px\" \/>\n                                            <\/div>\t<div class=\"qodef-m-content\">\n\t\t\t\t\t<h4 class=\"qodef-m-title\" style=\"margin-top: 5px\">\n\t\t\t\t\tAvvistamento delle balene\t\t\t<\/h4>\n\t\t\t<\/div>\n<\/div>\t\t\t\t<\/div>\n\t\t\t\t<\/div>\n\t\t\t\t\t<\/div>\n\t\t<\/div>\n\t\t\t\t\t<\/div>\n\t\t<\/section>\n\t\t\t\t<section class=\"elementor-section elementor-top-section elementor-element elementor-element-7f3e65 qodef-elementor-content-grid elementor-section-boxed elementor-section-height-default elementor-section-height-default\" data-id=\"7f3e65\" data-element_type=\"section\">\n\t\t\t\t\t\t<div class=\"elementor-container elementor-column-gap-default\">\n\t\t\t\t\t<div class=\"elementor-column elementor-col-50 elementor-top-column elementor-element elementor-element-4b02837d\" data-id=\"4b02837d\" data-element_type=\"column\">\n\t\t\t<div class=\"elementor-widget-wrap elementor-element-populated\">\n\t\t\t\t\t\t<div class=\"elementor-element elementor-element-6dedceff elementor-widget elementor-widget-augustine_core_image_with_text\" data-id=\"6dedceff\" data-element_type=\"widget\" data-widget_type=\"augustine_core_image_with_text.default\">\n\t\t\t\t<div class=\"elementor-widget-container\">\n\t\t\t\t\t<div class=\"qodef-shortcode qodef-m  qodef-image-with-text qodef-layout--text-below   \">\n\t<div class=\"qodef-m-image\">\n                                            <img loading=\"lazy\" decoding=\"async\" width=\"1100\" height=\"825\" src=\"https:\/\/villa-colibri-nosybe.com\/wp-content\/uploads\/2022\/05\/cascade.jpg\" class=\"attachment-full size-full\" alt=\"\" srcset=\"https:\/\/villa-colibri-nosybe.com\/wp-content\/uploads\/2022\/05\/cascade.jpg 1100w, https:\/\/villa-colibri-nosybe.com\/wp-content\/uploads\/2022\/05\/cascade-300x225.jpg 300w, https:\/\/villa-colibri-nosybe.com\/wp-content\/uploads\/2022\/05\/cascade-1024x768.jpg 1024w, https:\/\/villa-colibri-nosybe.com\/wp-content\/uploads\/2022\/05\/cascade-768x576.jpg 768w, https:\/\/villa-colibri-nosybe.com\/wp-content\/uploads\/2022\/05\/cascade-600x450.jpg 600w\" sizes=\"(max-width: 1100px) 100vw, 1100px\" \/>\n                                            <\/div>\t<div class=\"qodef-m-content\">\n\t\t\t\t\t<h4 class=\"qodef-m-title\" style=\"margin-top: 5px\">\n\t\t\t\t\tCascate di  Nosy Be\t\t\t<\/h4>\n\t\t\t<\/div>\n<\/div>\t\t\t\t<\/div>\n\t\t\t\t<\/div>\n\t\t\t\t\t<\/div>\n\t\t<\/div>\n\t\t\t\t<div class=\"elementor-column elementor-col-50 elementor-top-column elementor-element elementor-element-20eaf8c2\" data-id=\"20eaf8c2\" data-element_type=\"column\">\n\t\t\t<div class=\"elementor-widget-wrap elementor-element-populated\">\n\t\t\t\t\t\t<div class=\"elementor-element elementor-element-3031ef elementor-widget elementor-widget-augustine_core_image_with_text\" data-id=\"3031ef\" data-element_type=\"widget\" data-widget_type=\"augustine_core_image_with_text.default\">\n\t\t\t\t<div class=\"elementor-widget-container\">\n\t\t\t\t\t<div class=\"qodef-shortcode qodef-m  qodef-image-with-text qodef-layout--text-below   \">\n\t<div class=\"qodef-m-image\">\n                                            <img loading=\"lazy\" decoding=\"async\" width=\"1100\" height=\"825\" src=\"https:\/\/villa-colibri-nosybe.com\/wp-content\/uploads\/2022\/05\/20170220_091146.jpg\" class=\"attachment-full size-full\" alt=\"\" srcset=\"https:\/\/villa-colibri-nosybe.com\/wp-content\/uploads\/2022\/05\/20170220_091146.jpg 1100w, https:\/\/villa-colibri-nosybe.com\/wp-content\/uploads\/2022\/05\/20170220_091146-300x225.jpg 300w, https:\/\/villa-colibri-nosybe.com\/wp-content\/uploads\/2022\/05\/20170220_091146-1024x768.jpg 1024w, https:\/\/villa-colibri-nosybe.com\/wp-content\/uploads\/2022\/05\/20170220_091146-768x576.jpg 768w, https:\/\/villa-colibri-nosybe.com\/wp-content\/uploads\/2022\/05\/20170220_091146-600x450.jpg 600w\" sizes=\"(max-width: 1100px) 100vw, 1100px\" \/>\n                                            <\/div>\t<div class=\"qodef-m-content\">\n\t\t\t\t\t<h4 class=\"qodef-m-title\" style=\"margin-top: 5px\">\n\t\t\t\t\tParco di Nosy Komba\t\t\t<\/h4>\n\t\t\t<\/div>\n<\/div>\t\t\t\t<\/div>\n\t\t\t\t<\/div>\n\t\t\t\t\t<\/div>\n\t\t<\/div>\n\t\t\t\t\t<\/div>\n\t\t<\/section>\n\t\t\t\t<section class=\"elementor-section elementor-top-section elementor-element elementor-element-1b29d012 qodef-elementor-content-grid elementor-section-boxed elementor-section-height-default elementor-section-height-default\" data-id=\"1b29d012\" data-element_type=\"section\">\n\t\t\t\t\t\t<div class=\"elementor-container elementor-column-gap-default\">\n\t\t\t\t\t<div class=\"elementor-column elementor-col-50 elementor-top-column elementor-element elementor-element-74fa1f60\" data-id=\"74fa1f60\" data-element_type=\"column\">\n\t\t\t<div class=\"elementor-widget-wrap elementor-element-populated\">\n\t\t\t\t\t\t<div class=\"elementor-element elementor-element-43497d78 elementor-widget elementor-widget-augustine_core_image_with_text\" data-id=\"43497d78\" data-element_type=\"widget\" data-widget_type=\"augustine_core_image_with_text.default\">\n\t\t\t\t<div class=\"elementor-widget-container\">\n\t\t\t\t\t<div class=\"qodef-shortcode qodef-m  qodef-image-with-text qodef-layout--text-below   \">\n\t<div class=\"qodef-m-image\">\n                                            <img loading=\"lazy\" decoding=\"async\" width=\"1100\" height=\"825\" src=\"https:\/\/villa-colibri-nosybe.com\/wp-content\/uploads\/2022\/05\/montpassot.jpg\" class=\"attachment-full size-full\" alt=\"\" srcset=\"https:\/\/villa-colibri-nosybe.com\/wp-content\/uploads\/2022\/05\/montpassot.jpg 1100w, https:\/\/villa-colibri-nosybe.com\/wp-content\/uploads\/2022\/05\/montpassot-300x225.jpg 300w, https:\/\/villa-colibri-nosybe.com\/wp-content\/uploads\/2022\/05\/montpassot-1024x768.jpg 1024w, https:\/\/villa-colibri-nosybe.com\/wp-content\/uploads\/2022\/05\/montpassot-768x576.jpg 768w, https:\/\/villa-colibri-nosybe.com\/wp-content\/uploads\/2022\/05\/montpassot-600x450.jpg 600w\" sizes=\"(max-width: 1100px) 100vw, 1100px\" \/>\n                                            <\/div>\t<div class=\"qodef-m-content\">\n\t\t\t\t\t<h4 class=\"qodef-m-title\" style=\"margin-top: 5px\">\n\t\t\t\t\tMont Passot\t\t\t<\/h4>\n\t\t\t<\/div>\n<\/div>\t\t\t\t<\/div>\n\t\t\t\t<\/div>\n\t\t\t\t\t<\/div>\n\t\t<\/div>\n\t\t\t\t<div class=\"elementor-column elementor-col-50 elementor-top-column elementor-element elementor-element-5a1a75d6\" data-id=\"5a1a75d6\" data-element_type=\"column\">\n\t\t\t<div class=\"elementor-widget-wrap elementor-element-populated\">\n\t\t\t\t\t\t<div class=\"elementor-element elementor-element-420e59f elementor-widget elementor-widget-augustine_core_image_with_text\" data-id=\"420e59f\" data-element_type=\"widget\" data-widget_type=\"augustine_core_image_with_text.default\">\n\t\t\t\t<div class=\"elementor-widget-container\">\n\t\t\t\t\t<div class=\"qodef-shortcode qodef-m  qodef-image-with-text qodef-layout--text-below   \">\n\t<div class=\"qodef-m-image\">\n                                            <img loading=\"lazy\" decoding=\"async\" width=\"1100\" height=\"825\" src=\"https:\/\/villa-colibri-nosybe.com\/wp-content\/uploads\/2022\/05\/golf.jpg\" class=\"attachment-full size-full\" alt=\"\" srcset=\"https:\/\/villa-colibri-nosybe.com\/wp-content\/uploads\/2022\/05\/golf.jpg 1100w, https:\/\/villa-colibri-nosybe.com\/wp-content\/uploads\/2022\/05\/golf-300x225.jpg 300w, https:\/\/villa-colibri-nosybe.com\/wp-content\/uploads\/2022\/05\/golf-1024x768.jpg 1024w, https:\/\/villa-colibri-nosybe.com\/wp-content\/uploads\/2022\/05\/golf-768x576.jpg 768w, https:\/\/villa-colibri-nosybe.com\/wp-content\/uploads\/2022\/05\/golf-600x450.jpg 600w\" sizes=\"(max-width: 1100px) 100vw, 1100px\" \/>\n                                            <\/div>\t<div class=\"qodef-m-content\">\n\t\t\t\t\t<h4 class=\"qodef-m-title\" style=\"margin-top: 5px\">\n\t\t\t\t\tGolf\t\t\t<\/h4>\n\t\t\t<\/div>\n<\/div>\t\t\t\t<\/div>\n\t\t\t\t<\/div>\n\t\t\t\t\t<\/div>\n\t\t<\/div>\n\t\t\t\t\t<\/div>\n\t\t<\/section>\n\t\t\t\t<\/div>\n\t\t","protected":false},"excerpt":{"rendered":"<p>Attivit\u00e0 Si possono visitare le distillerie di rum, le piantagioni di ylang ylang, le isole vicine, la pi\u00f9 conosciuta delle quali \u00e8 Nosy Iranja, le barriere coralline, per gli amanti delle immersioni, vi stupiranno, per gli sportivi un campo da golf di 18 buche, un ranch, campi da tennis, escursioni in quad . Vicino a [&hellip;]<\/p>\n","protected":false},"author":1,"featured_media":0,"parent":0,"menu_order":0,"comment_status":"closed","ping_status":"closed","template":"page-full-width.php","meta":{"footnotes":""},"class_list":["post-11983","page","type-page","status-publish","hentry"],"yoast_head":"<!-- This site is optimized with the Yoast SEO Premium plugin v15.7 - https:\/\/yoast.com\/wordpress\/plugins\/seo\/ -->\n<title>Attivit\u00e0 - Villa Colibri Nosy Be<\/title>\n<meta name=\"robots\" content=\"index, follow, max-snippet:-1, max-image-preview:large, max-video-preview:-1\" \/>\n<link rel=\"canonical\" href=\"https:\/\/villa-colibri-nosybe.com\/it\/attivita\/\" \/>\n<meta property=\"og:locale\" content=\"it_IT\" \/>\n<meta property=\"og:type\" content=\"article\" \/>\n<meta property=\"og:title\" content=\"Attivit\u00e0 - Villa Colibri Nosy Be\" \/>\n<meta property=\"og:description\" content=\"Attivit\u00e0 Si possono visitare le distillerie di rum, le piantagioni di ylang ylang, le isole vicine, la pi\u00f9 conosciuta delle quali \u00e8 Nosy Iranja, le barriere coralline, per gli amanti delle immersioni, vi stupiranno, per gli sportivi un campo da golf di 18 buche, un ranch, campi da tennis, escursioni in quad . Vicino a [&hellip;]\" \/>\n<meta property=\"og:url\" content=\"https:\/\/villa-colibri-nosybe.com\/it\/attivita\/\" \/>\n<meta property=\"og:site_name\" content=\"Villa Colibri Nosy Be\" \/>\n<meta property=\"article:publisher\" content=\"https:\/\/www.facebook.com\/Villa.Colibri.NosyBe\" \/>\n<meta property=\"article:modified_time\" content=\"2022-05-14T06:49:05+00:00\" \/>\n<meta property=\"og:image\" content=\"https:\/\/villa-colibri-nosybe.com\/wp-content\/uploads\/2022\/05\/FB_IMG_1547315071781-1024x576.jpg\" \/>\n<meta name=\"twitter:card\" content=\"summary_large_image\" \/>\n<meta name=\"twitter:label1\" content=\"Tempo di lettura stimato\">\n\t<meta name=\"twitter:data1\" content=\"1 minuto\">\n<script type=\"application\/ld+json\" class=\"yoast-schema-graph\">{\"@context\":\"https:\/\/schema.org\",\"@graph\":[{\"@type\":\"Organization\",\"@id\":\"https:\/\/villa-colibri-nosybe.com\/en\/#organization\",\"name\":\"Villa Colibri\",\"url\":\"https:\/\/villa-colibri-nosybe.com\/en\/\",\"sameAs\":[\"https:\/\/www.facebook.com\/Villa.Colibri.NosyBe\",\"https:\/\/www.instagram.com\/villacolibri.nosybe\/\"],\"logo\":{\"@type\":\"ImageObject\",\"@id\":\"https:\/\/villa-colibri-nosybe.com\/en\/#logo\",\"inLanguage\":\"it-IT\",\"url\":\"https:\/\/villa-colibri-nosybe.com\/wp-content\/uploads\/2022\/05\/logo-v1.png\",\"width\":930,\"height\":930,\"caption\":\"Villa Colibri\"},\"image\":{\"@id\":\"https:\/\/villa-colibri-nosybe.com\/en\/#logo\"}},{\"@type\":\"WebSite\",\"@id\":\"https:\/\/villa-colibri-nosybe.com\/en\/#website\",\"url\":\"https:\/\/villa-colibri-nosybe.com\/en\/\",\"name\":\"Villa Colibri Nosy Be\",\"description\":\"Maison d&#039;h\\u00f4te \\u00e0 Nosy Be Madagascar\",\"publisher\":{\"@id\":\"https:\/\/villa-colibri-nosybe.com\/en\/#organization\"},\"potentialAction\":[{\"@type\":\"SearchAction\",\"target\":\"https:\/\/villa-colibri-nosybe.com\/en\/?s={search_term_string}\",\"query-input\":\"required name=search_term_string\"}],\"inLanguage\":\"it-IT\"},{\"@type\":\"ImageObject\",\"@id\":\"https:\/\/villa-colibri-nosybe.com\/it\/attivita\/#primaryimage\",\"inLanguage\":\"it-IT\",\"url\":\"https:\/\/villa-colibri-nosybe.com\/wp-content\/uploads\/2022\/05\/FB_IMG_1547315071781.jpg\",\"width\":1100,\"height\":619},{\"@type\":\"WebPage\",\"@id\":\"https:\/\/villa-colibri-nosybe.com\/it\/attivita\/#webpage\",\"url\":\"https:\/\/villa-colibri-nosybe.com\/it\/attivita\/\",\"name\":\"Attivit\\u00e0 - Villa Colibri Nosy Be\",\"isPartOf\":{\"@id\":\"https:\/\/villa-colibri-nosybe.com\/en\/#website\"},\"primaryImageOfPage\":{\"@id\":\"https:\/\/villa-colibri-nosybe.com\/it\/attivita\/#primaryimage\"},\"datePublished\":\"2020-12-02T11:48:17+00:00\",\"dateModified\":\"2022-05-14T06:49:05+00:00\",\"inLanguage\":\"it-IT\",\"potentialAction\":[{\"@type\":\"ReadAction\",\"target\":[\"https:\/\/villa-colibri-nosybe.com\/it\/attivita\/\"]}]}]}<\/script>\n<!-- \/ Yoast SEO Premium plugin. -->","_links":{"self":[{"href":"https:\/\/villa-colibri-nosybe.com\/it\/wp-json\/wp\/v2\/pages\/11983","targetHints":{"allow":["GET"]}}],"collection":[{"href":"https:\/\/villa-colibri-nosybe.com\/it\/wp-json\/wp\/v2\/pages"}],"about":[{"href":"https:\/\/villa-colibri-nosybe.com\/it\/wp-json\/wp\/v2\/types\/page"}],"author":[{"embeddable":true,"href":"https:\/\/villa-colibri-nosybe.com\/it\/wp-json\/wp\/v2\/users\/1"}],"replies":[{"embeddable":true,"href":"https:\/\/villa-colibri-nosybe.com\/it\/wp-json\/wp\/v2\/comments?post=11983"}],"version-history":[{"count":15,"href":"https:\/\/villa-colibri-nosybe.com\/it\/wp-json\/wp\/v2\/pages\/11983\/revisions"}],"predecessor-version":[{"id":12201,"href":"https:\/\/villa-colibri-nosybe.com\/it\/wp-json\/wp\/v2\/pages\/11983\/revisions\/12201"}],"wp:attachment":[{"href":"https:\/\/villa-colibri-nosybe.com\/it\/wp-json\/wp\/v2\/media?parent=11983"}],"curies":[{"name":"wp","href":"https:\/\/api.w.org\/{rel}","templated":true}]}}